{"id":417,"date":"2024-01-30T21:48:58","date_gmt":"2024-01-30T20:48:58","guid":{"rendered":"https:\/\/roswagener.es\/?page_id=417"},"modified":"2024-02-01T17:35:09","modified_gmt":"2024-02-01T16:35:09","slug":"accesibilidad","status":"publish","type":"page","link":"https:\/\/roswagener.es\/en\/accesibilidad\/","title":{"rendered":"Accessibility"},"content":{"rendered":"<div data-elementor-type=\"wp-page\" data-elementor-id=\"417\" class=\"elementor elementor-417\" data-elementor-post-type=\"page\">\n\t\t\t\t<div class=\"elementor-element elementor-element-2f6ecbc7 e-flex e-con-boxed e-con e-parent\" data-id=\"2f6ecbc7\" data-element_type=\"container\">\n\t\t\t\t\t<div class=\"e-con-inner\">\n\t\t\t\t<div class=\"elementor-element elementor-element-59c042c8 elementor-widget elementor-widget-text-editor\" data-id=\"59c042c8\" data-element_type=\"widget\" data-widget_type=\"text-editor.default\">\n\t\t\t\t<div class=\"elementor-widget-container\">\n\t\t\t\t\t\t\t\t\t\n<p>In Ros Wagener we have set as a priority objective that all people, regardless of their disability, age or the type of technology used, to navigate our website without any access difficulty.<\/p>\n<p>With this purpose, the development of the web of Ros Wagener has been based on compliance with the Guidelines of Accessibility to the Content in the Web 2.0 laid down by the W3C Consortium (World Wide Web).\u00a0<\/p>\n<p>These guidelines also form the core of standards such as ISO\/IEC 40500 or standard UNE 139803:2012.<\/p>\n<p>Some of the features implemented to allow you access to all the content of the web of Ros Wagener with greater ease are:<\/p>\n<p>The visual characteristics of the web page (font type, font color, and background, etc) are defined by the style sheet so that the user can adjust the text to your preferences.<\/p>\n<p>The sizes of the sources have been defined with relative units so that you can increase or decrease the size of the font from the options of the browser.<\/p>\n<p>If a user accesses\u00a0<a href=\"https:\/\/roswagener.es\/en\/\"><strong>https:\/\/roswagener.es<\/strong><\/a> with a browser that does not support a style sheet would not be a problem, because in the same way you can access all the content with CSS turned off.<\/p>\n<p>The pages have a clear structure both for the user that can view the content as for the person who reads the information using systems of support such as a screen reader, users who disabled the style sheet, etc Under this goal, we have defined using the HTML code section headers, lists and all the elements that help the general understanding of the web site.<\/p>\n<p>The HTML and CSS used is adjusted to the formal grammars to ensure the correct display of content in various browsers.<\/p>\n<p>The web site is designed for users to be able to perform a navigation high contrast that allows you to distinguish between a link and text that is not. With the exception of all those links that may be deducted by the context (menus, lists, etc).<\/p>\n<p>Includes descriptive text in the &#034;ALT&#034; attribute for all images of all the pages.<\/p>\n<p>However, if you find any difficulty in the access to the information contained in the web of Ros Wagenero you have any suggestion or query regarding accessibility, please do not hesitate to contact us via e-mail foto@roswagener.es<\/p>\n\t\t\t\t\t\t\t\t<\/div>\n\t\t\t\t<\/div>\n\t\t\t\t\t<\/div>\n\t\t\t\t<\/div>\n\t\t\t\t<\/div>","protected":false},"excerpt":{"rendered":"<p>En Ros Wagener nos hemos marcado como objetivo prioritario que todas las personas, con independencia de su discapacidad, edad o de la tecnolog\u00eda utilizada, puedan navegar por nuestra p\u00e1gina web sin encontrar dificultades de acceso. Con este prop\u00f3sito, el desarrollo de la web de Ros Wagener se ha basado en el cumplimiento de las Pautas [&hellip;]<\/p>","protected":false},"author":2,"featured_media":0,"parent":0,"menu_order":0,"comment_status":"closed","ping_status":"closed","template":"","meta":{"footnotes":""},"class_list":["post-417","page","type-page","status-publish","hentry"],"yoast_head":"<!-- This site is optimized with the Yoast SEO plugin v25.3 - https:\/\/yoast.com\/wordpress\/plugins\/seo\/ -->\n<title>Accesibilidad - Ros Wagener<\/title>\n<meta name=\"robots\" content=\"index, follow, max-snippet:-1, max-image-preview:large, max-video-preview:-1\" \/>\n<link rel=\"canonical\" href=\"https:\/\/roswagener.es\/en\/accesibilidad\/\" \/>\n<meta property=\"og:locale\" content=\"en_GB\" \/>\n<meta property=\"og:type\" content=\"article\" \/>\n<meta property=\"og:title\" content=\"Accesibilidad - Ros Wagener\" \/>\n<meta property=\"og:description\" content=\"En Ros Wagener nos hemos marcado como objetivo prioritario que todas las personas, con independencia de su discapacidad, edad o de la tecnolog\u00eda utilizada, puedan navegar por nuestra p\u00e1gina web sin encontrar dificultades de acceso. Con este prop\u00f3sito, el desarrollo de la web de Ros Wagener se ha basado en el cumplimiento de las Pautas [&hellip;]\" \/>\n<meta property=\"og:url\" content=\"https:\/\/roswagener.es\/en\/accesibilidad\/\" \/>\n<meta property=\"og:site_name\" content=\"Ros Wagener\" \/>\n<meta property=\"article:modified_time\" content=\"2024-02-01T16:35:09+00:00\" \/>\n<meta name=\"twitter:card\" content=\"summary_large_image\" \/>\n<meta name=\"twitter:label1\" content=\"Estimated reading time\" \/>\n\t<meta name=\"twitter:data1\" content=\"2 minutes\" \/>\n<script type=\"application\/ld+json\" class=\"yoast-schema-graph\">{\"@context\":\"https:\/\/schema.org\",\"@graph\":[{\"@type\":\"WebPage\",\"@id\":\"https:\/\/roswagener.es\/accesibilidad\/\",\"url\":\"https:\/\/roswagener.es\/accesibilidad\/\",\"name\":\"Accesibilidad - Ros Wagener\",\"isPartOf\":{\"@id\":\"https:\/\/roswagener.es\/#website\"},\"datePublished\":\"2024-01-30T20:48:58+00:00\",\"dateModified\":\"2024-02-01T16:35:09+00:00\",\"breadcrumb\":{\"@id\":\"https:\/\/roswagener.es\/accesibilidad\/#breadcrumb\"},\"inLanguage\":\"en-GB\",\"potentialAction\":[{\"@type\":\"ReadAction\",\"target\":[\"https:\/\/roswagener.es\/accesibilidad\/\"]}]},{\"@type\":\"BreadcrumbList\",\"@id\":\"https:\/\/roswagener.es\/accesibilidad\/#breadcrumb\",\"itemListElement\":[{\"@type\":\"ListItem\",\"position\":1,\"name\":\"Portada\",\"item\":\"https:\/\/roswagener.es\/\"},{\"@type\":\"ListItem\",\"position\":2,\"name\":\"Accesibilidad\"}]},{\"@type\":\"WebSite\",\"@id\":\"https:\/\/roswagener.es\/#website\",\"url\":\"https:\/\/roswagener.es\/\",\"name\":\"Ros Wagener\",\"description\":\"Ros Wagener\",\"publisher\":{\"@id\":\"https:\/\/roswagener.es\/#organization\"},\"potentialAction\":[{\"@type\":\"SearchAction\",\"target\":{\"@type\":\"EntryPoint\",\"urlTemplate\":\"https:\/\/roswagener.es\/?s={search_term_string}\"},\"query-input\":{\"@type\":\"PropertyValueSpecification\",\"valueRequired\":true,\"valueName\":\"search_term_string\"}}],\"inLanguage\":\"en-GB\"},{\"@type\":\"Organization\",\"@id\":\"https:\/\/roswagener.es\/#organization\",\"name\":\"Ros Wagener\",\"url\":\"https:\/\/roswagener.es\/\",\"logo\":{\"@type\":\"ImageObject\",\"inLanguage\":\"en-GB\",\"@id\":\"https:\/\/roswagener.es\/#\/schema\/logo\/image\/\",\"url\":\"https:\/\/roswagener.es\/wp-content\/uploads\/2023\/12\/Sin-titulo-2.webp\",\"contentUrl\":\"https:\/\/roswagener.es\/wp-content\/uploads\/2023\/12\/Sin-titulo-2.webp\",\"width\":350,\"height\":100,\"caption\":\"Ros Wagener\"},\"image\":{\"@id\":\"https:\/\/roswagener.es\/#\/schema\/logo\/image\/\"}}]}<\/script>\n<!-- \/ Yoast SEO plugin. -->","yoast_head_json":{"title":"Accesibilidad - Ros Wagener","robots":{"index":"index","follow":"follow","max-snippet":"max-snippet:-1","max-image-preview":"max-image-preview:large","max-video-preview":"max-video-preview:-1"},"canonical":"https:\/\/roswagener.es\/en\/accesibilidad\/","og_locale":"en_GB","og_type":"article","og_title":"Accesibilidad - Ros Wagener","og_description":"En Ros Wagener nos hemos marcado como objetivo prioritario que todas las personas, con independencia de su discapacidad, edad o de la tecnolog\u00eda utilizada, puedan navegar por nuestra p\u00e1gina web sin encontrar dificultades de acceso. Con este prop\u00f3sito, el desarrollo de la web de Ros Wagener se ha basado en el cumplimiento de las Pautas [&hellip;]","og_url":"https:\/\/roswagener.es\/en\/accesibilidad\/","og_site_name":"Ros Wagener","article_modified_time":"2024-02-01T16:35:09+00:00","twitter_card":"summary_large_image","twitter_misc":{"Estimated reading time":"2 minutes"},"schema":{"@context":"https:\/\/schema.org","@graph":[{"@type":"WebPage","@id":"https:\/\/roswagener.es\/accesibilidad\/","url":"https:\/\/roswagener.es\/accesibilidad\/","name":"Accesibilidad - Ros Wagener","isPartOf":{"@id":"https:\/\/roswagener.es\/#website"},"datePublished":"2024-01-30T20:48:58+00:00","dateModified":"2024-02-01T16:35:09+00:00","breadcrumb":{"@id":"https:\/\/roswagener.es\/accesibilidad\/#breadcrumb"},"inLanguage":"en-GB","potentialAction":[{"@type":"ReadAction","target":["https:\/\/roswagener.es\/accesibilidad\/"]}]},{"@type":"BreadcrumbList","@id":"https:\/\/roswagener.es\/accesibilidad\/#breadcrumb","itemListElement":[{"@type":"ListItem","position":1,"name":"Portada","item":"https:\/\/roswagener.es\/"},{"@type":"ListItem","position":2,"name":"Accesibilidad"}]},{"@type":"WebSite","@id":"https:\/\/roswagener.es\/#website","url":"https:\/\/roswagener.es\/","name":"Ros Wagener","description":"Ros Wagener","publisher":{"@id":"https:\/\/roswagener.es\/#organization"},"potentialAction":[{"@type":"SearchAction","target":{"@type":"EntryPoint","urlTemplate":"https:\/\/roswagener.es\/?s={search_term_string}"},"query-input":{"@type":"PropertyValueSpecification","valueRequired":true,"valueName":"search_term_string"}}],"inLanguage":"en-GB"},{"@type":"Organization","@id":"https:\/\/roswagener.es\/#organization","name":"Ros Wagener","url":"https:\/\/roswagener.es\/","logo":{"@type":"ImageObject","inLanguage":"en-GB","@id":"https:\/\/roswagener.es\/#\/schema\/logo\/image\/","url":"https:\/\/roswagener.es\/wp-content\/uploads\/2023\/12\/Sin-titulo-2.webp","contentUrl":"https:\/\/roswagener.es\/wp-content\/uploads\/2023\/12\/Sin-titulo-2.webp","width":350,"height":100,"caption":"Ros Wagener"},"image":{"@id":"https:\/\/roswagener.es\/#\/schema\/logo\/image\/"}}]}},"_links":{"self":[{"href":"https:\/\/roswagener.es\/en\/wp-json\/wp\/v2\/pages\/417","targetHints":{"allow":["GET"]}}],"collection":[{"href":"https:\/\/roswagener.es\/en\/wp-json\/wp\/v2\/pages"}],"about":[{"href":"https:\/\/roswagener.es\/en\/wp-json\/wp\/v2\/types\/page"}],"author":[{"embeddable":true,"href":"https:\/\/roswagener.es\/en\/wp-json\/wp\/v2\/users\/2"}],"replies":[{"embeddable":true,"href":"https:\/\/roswagener.es\/en\/wp-json\/wp\/v2\/comments?post=417"}],"version-history":[{"count":7,"href":"https:\/\/roswagener.es\/en\/wp-json\/wp\/v2\/pages\/417\/revisions"}],"predecessor-version":[{"id":432,"href":"https:\/\/roswagener.es\/en\/wp-json\/wp\/v2\/pages\/417\/revisions\/432"}],"wp:attachment":[{"href":"https:\/\/roswagener.es\/en\/wp-json\/wp\/v2\/media?parent=417"}],"curies":[{"name":"wp","href":"https:\/\/api.w.org\/{rel}","templated":true}]}}